{"id":462,"date":"2020-06-23T16:36:51","date_gmt":"2020-06-23T16:36:51","guid":{"rendered":"https:\/\/psicologanerinapupillo.it\/index.php\/terapia-emdr-copy\/"},"modified":"2020-07-03T15:56:24","modified_gmt":"2020-07-03T15:56:24","slug":"coping-power-scuola","status":"publish","type":"page","link":"https:\/\/psicologanerinapupillo.it\/index.php\/coping-power-scuola\/","title":{"rendered":"Coping Power Scuola: Programma e Formazione docenti"},"content":{"rendered":"<!--themify_builder_content-->\n<div id=\"themify_builder_content-462\" data-postid=\"462\" class=\"themify_builder_content themify_builder_content-462 themify_builder tf_clear\">\n    \t\t\t<!-- module_row -->\n\t<div  data-tablet-padding=\"5%,5%\" data-css_id=\"zml7010\" data-lazy=\"1\" class=\"module_row themify_builder_row fullwidth_row_container tb_zml7010 tb_first tf_w tf_clearfix wow\" data-tf-animation=\"slideInDown\">\n\t    <div class=\"builder_row_cover tf_abs\"><\/div>\t\t\t<div class=\"row_inner col_align_top tb_col_count_2 tf_box tf_rel\">\n\t\t            <div  data-lazy=\"1\" class=\"module_column tb-column col4-2 tb_0ive880 first\">\n                                                <\/div>\n                        <div  data-lazy=\"1\" class=\"module_column tb-column col4-2 tb_bebz731 last\">\n                                                        <div class=\"tb-column-inner tf_box tf_w\">\n                        <!-- module text -->\n<div  class=\"module module-text tb_ypuu733  repeat  wow\" data-tf-animation=\"zoomIn\" data-lazy=\"1\">\n        <div  class=\"tb_text_wrap\">\n    <h1><em>&#8220;L&#8217;apprendimento \u00e8 bidirezionale: impariamo dall&#8217;ambiente e l&#8217;ambiente impara e modifica grazie alle nostre azioni\u201d <\/em><\/h1>\n<h1>Albert Bandura<\/h1>    <\/div>\n<\/div>\n<!-- \/module text -->                    <\/div>\n                            <\/div>\n            \t    <\/div>\n\t    <!-- \/row_inner -->\n\t<\/div>\n\t<!-- \/module_row -->\n\t\t\t\t<!-- module_row -->\n\t<div  data-css_id=\"p1au101\" data-lazy=\"1\" class=\"module_row themify_builder_row fullwidth_row_container tb_p1au101 tf_w tf_clearfix\">\n\t    \t\t\t<div class=\"row_inner col_align_top tb_col_count_1 tf_box tf_rel\">\n\t\t            <div  data-lazy=\"1\" class=\"module_column tb-column col-full tb_61hr000 first\">\n                                                        <div class=\"tb-column-inner tf_box tf_w\">\n                        <!-- module text -->\n<div  class=\"module module-text tb_8p12041    wow\" data-tf-animation=\"zoomIn\" data-lazy=\"1\">\n        <div  class=\"tb_text_wrap\">\n    <h1>Coping Power Scuola<\/h1>\n<h4>Programma e Formazione docenti<\/h4>    <\/div>\n<\/div>\n<!-- \/module text -->\t<div  data-lazy=\"1\" class=\"module_subrow themify_builder_sub_row tb_as7a100 tf_w tf_clearfix\">\n\t    \t\t\t<div class=\"subrow_inner col_align_top tb_col_count_1 tf_box tf_w\">\n\t\t            <div  data-lazy=\"1\" class=\"module_column sub_column col-full tb_ukfr004 first\">\n                                                        <div class=\"tb-column-inner tf_box tf_w\">\n                        <!-- module text -->\n<div  class=\"module module-text tb_ktsb400    wow\" data-tf-animation=\"fadeInLeft\" data-lazy=\"1\">\n        <div  class=\"tb_text_wrap\">\n    <p><strong>Il Coping Power Scuola<\/strong> \u00e8 un programma per lo sviluppo di abilit\u00e0 sociali integrato nella programmazione didattica in linea con <strong>le Indicazioni Nazionali 2012<\/strong>, svolto sulla classe dai docenti per sviluppare abilit\u00e0 sociali, emotive e relazionali. Nelle nostre scuole sono presenti una serie di comportamenti e condotte che, anche se non arrivano a rappresentare un disturbo conclamato, hanno effetti negativi all\u2019interno della classe e spesso sono difficilmente gestibili dai docenti. Si tratta delle cosiddette <strong>\u201cclassi difficili\u201d,<\/strong> caratterizzate da scarso rispetto delle regole, aggressivit\u00e0, comportamenti oppositivi-provocatori e difficolt\u00e0 di autocontrollo, che spesso mettono a dura prova le capacit\u00e0 relazionali e le doti umane degli insegnanti. Di conseguenza, in queste classi si riducono il rendimento e il benessere socio emotivo, impedendo agli alunni di raggiungere il loro potenziale scolastico.<\/p>\n<p>Negli anni, l\u2019evidenza sempre pi\u00f9 tangibile di tale problematica ha fatto s\u00ec che nel 2009, all\u2019interno del progetto sperimentale di <strong>psicologia scolastica<\/strong> \u00e8 stato presentato <strong><em>\u201cIl Coping Power Scuola (Coping Power Universal &#8211; CPU)\u201d(Bertacchi, Giuli, Muratori, 2016)<\/em><\/strong><em>, un programma di prevenzione universale per la gestione e il controllo della rabbia per i bambini della scuola dell\u2019infanzia, primaria e secondaria di I grado, efficace nel ridurre in modo significativo una serie di problematiche emotivo-comportamentali e relazionali (Lochman e Wells, 2004; Muratori et al., 2014). <\/em>Nello specifico tale intervento viene esteso a tutta la classe permettendo di intervenire non solo sulle condotte pi\u00f9 gravi, ma anche su tutte le forme pi\u00f9 sfumate, cos\u00ec come sui comportamenti di <strong>inibizione, chiusura e ritiro sociale.\u00a0 <\/strong>La classe permette di attivare esperienze di tipo cooperativo, attraverso le quali anche gli alunni che non presentano particolari problematiche possono mettere in campo le proprie abilit\u00e0 emotive e relazionali per aiutare i compagni in difficolt\u00e0, avendo dunque <strong>la funzione di modello positivo. <\/strong><\/p>    <\/div>\n<\/div>\n<!-- \/module text --><!-- module accordion -->\n<div  class=\"module module-accordion tb_yucm209 \" data-behavior=\"toggle\" data-lazy=\"1\">\n    \n    <ul class=\"ui module-accordion plus-icon-button  transparent\">\n\t\t    <li class=\"builder-accordion-active\">\n\t\t\t<div class=\"accordion-title tf_rel\">\n\t\t\t\t<a href=\"#acc-yucm209-0\" aria-controls=\"acc-yucm209-0-content\" aria-expanded=\"true\">\n\t\t\t\t\t<i class=\"accordion-icon tf_hide\"><svg  class=\"tf_fa tf-ti-plus\" aria-hidden=\"true\"><use href=\"#tf-ti-plus\"><\/use><\/svg><\/i>\t\t\t\t\t<i class=\"accordion-active-icon\"><svg  class=\"tf_fa tf-ti-minus\" aria-hidden=\"true\"><use href=\"#tf-ti-minus\"><\/use><\/svg><\/i>\t\t\t\t\t<span class=\"tb_title_accordion tf_w\">Come si svolge il corso di formazione?<\/span>\n\t\t\t\t<\/a>\n\t\t\t<\/div><!-- .accordion-title -->\n\n\t\t\t<div id=\"acc-yucm209-0-content\" data-id=\"acc-yucm209-0\" aria-hidden=\"false\" class=\"accordion-content tf_clearfix\">\n\n\t\t\t\t\t\t\t\t\t<div\t\t\t\t\t\tclass=\"tb_text_wrap\"\n\t\t\t\t\t\t>\n\t\t\t\t\t\t<p>L\u2019obiettivo del programma \u00e8 rendere gli insegnanti i protagonisti dell\u2019intervento attraverso una formazione specifica dei diversi moduli che compongono il protocollo in modo da fornire loro una metodologia strutturata ma allo stesso tempo versatile da integrare con i vari insegnamenti. Il corso di formazione pu\u00f2 essere condotto solo da professionisti abilitati al <strong>Training \u201cCoping Power Scuola\u201d <\/strong>Da qualche anno io e la Dott.ssa Daniela Cirrito Psicologa Clinica, ci occupiamo sia della formazione degli insegnanti inerente il protocollo che delle supervisioni annesse durante l\u2019anno scolastico in alcune scuole del territorio padovano. Nello specifico il corso \u00e8 rivolto ai docenti della scuola d\u2019infanzia, primaria e secondaria di I grado e prevede:<\/p>\n<ul>\n<li>12 ore di formazione, cos\u00ec suddivise: nella prima parte (4 ore) saranno illustrate le modalit\u00e0 di applicazione e realizzazione del programma nel contesto scolastico;<\/li>\n<li>la seconda parte (8 ore) prevede l\u2019approfondimento di tutti i 6 moduli del programma.<\/li>\n<\/ul>\n<p>Inoltre, durante l\u2019anno saranno svolte 3 supervisioni in modo da monitorare il lavoro svolto dagli insegnanti.<\/p>\t\t\t\t\t<\/div>\n\t\t\t\t\n\t\t\t<\/div><!-- .accordion-content -->\n\t    <\/li>\n\t\t    <li>\n\t\t\t<div class=\"accordion-title tf_rel\">\n\t\t\t\t<a href=\"#acc-yucm209-1\" aria-controls=\"acc-yucm209-1-content\" aria-expanded=\"false\">\n\t\t\t\t\t<i class=\"accordion-icon\"><svg  class=\"tf_fa tf-ti-plus\" aria-hidden=\"true\"><use href=\"#tf-ti-plus\"><\/use><\/svg><\/i>\t\t\t\t\t<i class=\"accordion-active-icon tf_hide\"><svg  class=\"tf_fa tf-ti-minus\" aria-hidden=\"true\"><use href=\"#tf-ti-minus\"><\/use><\/svg><\/i>\t\t\t\t\t<span class=\"tb_title_accordion tf_w\">Percorso facoltativo per i genitori<\/span>\n\t\t\t\t<\/a>\n\t\t\t<\/div><!-- .accordion-title -->\n\n\t\t\t<div id=\"acc-yucm209-1-content\" data-id=\"acc-yucm209-1\" aria-hidden=\"true\" class=\"accordion-content tf_hide tf_clearfix\">\n\n\t\t\t\t\t\t\t\t\t<div\t\t\t\t\t\tclass=\"tb_text_wrap\"\n\t\t\t\t\t\t>\n\t\t\t\t\t\t<p>Se l\u2019Istituto scolastico fosse interessato sono previsti anche 3 incontri con i genitori di 2 ore ciascuno per confrontarsi e discutere sulle modalit\u00e0 di gestione dei comportamenti problematici a casa.<\/p>\n<p>Per ulteriori informazioni potete contattare me cliccando su &#8220;<a href=\"https:\/\/psicologanerinapupillo.it\/index.php\/contatti\/\">Contattami<\/a>&#8221; o la Dottoressa Cirrito al seguente indirizzo email: <strong><u>danielacirrito@gmail.com<\/u><\/strong><\/p>\t\t\t\t\t<\/div>\n\t\t\t\t\n\t\t\t<\/div><!-- .accordion-content -->\n\t    <\/li>\n\t    <\/ul>\n\n<\/div><!-- \/module accordion -->                    <\/div>\n                            <\/div>\n            \t    <\/div>\n\t<\/div><!-- \/themify_builder_sub_row -->\n\t                    <\/div>\n                            <\/div>\n            \t    <\/div>\n\t    <!-- \/row_inner -->\n\t<\/div>\n\t<!-- \/module_row -->\n\t<\/div>\n<!--\/themify_builder_content-->","protected":false},"excerpt":{"rendered":"<p>&#8220;L&#8217;apprendimento \u00e8 bidirezionale: impariamo dall&#8217;ambiente e l&#8217;ambiente impara e modifica grazie alle nostre azioni\u201d Albert Bandura Coping Power Scuola Programma e Formazione docenti Il Coping Power Scuola \u00e8 un programma per lo sviluppo di abilit\u00e0 sociali integrato nella programmazione didattica in linea con le Indicazioni Nazionali 2012, svolto sulla classe dai docenti per sviluppare abilit\u00e0 [&hellip;]<\/p>\n","protected":false},"author":1,"featured_media":0,"parent":0,"menu_order":0,"comment_status":"closed","ping_status":"closed","template":"","meta":[],"builder_content":"<h1><em>\"L'apprendimento \u00e8 bidirezionale: impariamo dall'ambiente e l'ambiente impara e modifica grazie alle nostre azioni\u201d <\/em><\/h1> <h1>Albert Bandura<\/h1>\n<h1>Coping Power Scuola<\/h1> <h4>Programma e Formazione docenti<\/h4>\n<p><strong>Il Coping Power Scuola<\/strong> \u00e8 un programma per lo sviluppo di abilit\u00e0 sociali integrato nella programmazione didattica in linea con <strong>le Indicazioni Nazionali 2012<\/strong>, svolto sulla classe dai docenti per sviluppare abilit\u00e0 sociali, emotive e relazionali. Nelle nostre scuole sono presenti una serie di comportamenti e condotte che, anche se non arrivano a rappresentare un disturbo conclamato, hanno effetti negativi all\u2019interno della classe e spesso sono difficilmente gestibili dai docenti. Si tratta delle cosiddette <strong>\u201cclassi difficili\u201d,<\/strong> caratterizzate da scarso rispetto delle regole, aggressivit\u00e0, comportamenti oppositivi-provocatori e difficolt\u00e0 di autocontrollo, che spesso mettono a dura prova le capacit\u00e0 relazionali e le doti umane degli insegnanti. Di conseguenza, in queste classi si riducono il rendimento e il benessere socio emotivo, impedendo agli alunni di raggiungere il loro potenziale scolastico.<\/p> <p>Negli anni, l\u2019evidenza sempre pi\u00f9 tangibile di tale problematica ha fatto s\u00ec che nel 2009, all\u2019interno del progetto sperimentale di <strong>psicologia scolastica<\/strong> \u00e8 stato presentato <strong><em>\u201cIl Coping Power Scuola (Coping Power Universal - CPU)\u201d(Bertacchi, Giuli, Muratori, 2016)<\/em><\/strong><em>, un programma di prevenzione universale per la gestione e il controllo della rabbia per i bambini della scuola dell\u2019infanzia, primaria e secondaria di I grado, efficace nel ridurre in modo significativo una serie di problematiche emotivo-comportamentali e relazionali (Lochman e Wells, 2004; Muratori et al., 2014). <\/em>Nello specifico tale intervento viene esteso a tutta la classe permettendo di intervenire non solo sulle condotte pi\u00f9 gravi, ma anche su tutte le forme pi\u00f9 sfumate, cos\u00ec come sui comportamenti di <strong>inibizione, chiusura e ritiro sociale.\u00a0 <\/strong>La classe permette di attivare esperienze di tipo cooperativo, attraverso le quali anche gli alunni che non presentano particolari problematiche possono mettere in campo le proprie abilit\u00e0 emotive e relazionali per aiutare i compagni in difficolt\u00e0, avendo dunque <strong>la funzione di modello positivo. <\/strong><\/p>\n<ul><li><h4>Come si svolge il corso di formazione?<\/h4><p>L\u2019obiettivo del programma \u00e8 rendere gli insegnanti i protagonisti dell\u2019intervento attraverso una formazione specifica dei diversi moduli che compongono il protocollo in modo da fornire loro una metodologia strutturata ma allo stesso tempo versatile da integrare con i vari insegnamenti. Il corso di formazione pu\u00f2 essere condotto solo da professionisti abilitati al <strong>Training \u201cCoping Power Scuola\u201d <\/strong>Da qualche anno io e la Dott.ssa Daniela Cirrito Psicologa Clinica, ci occupiamo sia della formazione degli insegnanti inerente il protocollo che delle supervisioni annesse durante l\u2019anno scolastico in alcune scuole del territorio padovano. Nello specifico il corso \u00e8 rivolto ai docenti della scuola d\u2019infanzia, primaria e secondaria di I grado e prevede:<\/p> <ul> <li>12 ore di formazione, cos\u00ec suddivise: nella prima parte (4 ore) saranno illustrate le modalit\u00e0 di applicazione e realizzazione del programma nel contesto scolastico;<\/li> <li>la seconda parte (8 ore) prevede l\u2019approfondimento di tutti i 6 moduli del programma.<\/li> <\/ul> <p>Inoltre, durante l\u2019anno saranno svolte 3 supervisioni in modo da monitorare il lavoro svolto dagli insegnanti.<\/p><\/li><li><h4>Percorso facoltativo per i genitori<\/h4><p>Se l\u2019Istituto scolastico fosse interessato sono previsti anche 3 incontri con i genitori di 2 ore ciascuno per confrontarsi e discutere sulle modalit\u00e0 di gestione dei comportamenti problematici a casa.<\/p> <p>Per ulteriori informazioni potete contattare me cliccando su \"<a href=\"https:\/\/psicologanerinapupillo.it\/index.php\/contatti\/\">Contattami<\/a>\" o la Dottoressa Cirrito al seguente indirizzo email: <strong><u>danielacirrito@gmail.com<\/u><\/strong><\/p><\/li><\/ul>","_links":{"self":[{"href":"https:\/\/psicologanerinapupillo.it\/index.php\/wp-json\/wp\/v2\/pages\/462"}],"collection":[{"href":"https:\/\/psicologanerinapupillo.it\/index.php\/wp-json\/wp\/v2\/pages"}],"about":[{"href":"https:\/\/psicologanerinapupillo.it\/index.php\/wp-json\/wp\/v2\/types\/page"}],"author":[{"embeddable":true,"href":"https:\/\/psicologanerinapupillo.it\/index.php\/wp-json\/wp\/v2\/users\/1"}],"replies":[{"embeddable":true,"href":"https:\/\/psicologanerinapupillo.it\/index.php\/wp-json\/wp\/v2\/comments?post=462"}],"version-history":[{"count":16,"href":"https:\/\/psicologanerinapupillo.it\/index.php\/wp-json\/wp\/v2\/pages\/462\/revisions"}],"predecessor-version":[{"id":661,"href":"https:\/\/psicologanerinapupillo.it\/index.php\/wp-json\/wp\/v2\/pages\/462\/revisions\/661"}],"wp:attachment":[{"href":"https:\/\/psicologanerinapupillo.it\/index.php\/wp-json\/wp\/v2\/media?parent=462"}],"curies":[{"name":"wp","href":"https:\/\/api.w.org\/{rel}","templated":true}]}}