{"id":396,"date":"2020-06-23T14:55:35","date_gmt":"2020-06-23T14:55:35","guid":{"rendered":"https:\/\/psicologanerinapupillo.it\/index.php\/servizi-copy\/"},"modified":"2020-07-02T10:51:20","modified_gmt":"2020-07-02T10:51:20","slug":"consulenza-psicologica","status":"publish","type":"page","link":"https:\/\/psicologanerinapupillo.it\/index.php\/consulenza-psicologica\/","title":{"rendered":"CONSULENZA PSICOLOGICA"},"content":{"rendered":"<!--themify_builder_content-->\n<div id=\"themify_builder_content-396\" data-postid=\"396\" class=\"themify_builder_content themify_builder_content-396 themify_builder tf_clear\">\n    \t\t\t<!-- module_row -->\n\t<div  data-tablet-padding=\"5%,5%\" data-css_id=\"s7wv002\" data-lazy=\"1\" class=\"module_row themify_builder_row fullwidth_row_container tb_s7wv002 tb_first tf_w tf_clearfix wow\" data-tf-animation=\"slideInDown\">\n\t    <div class=\"builder_row_cover tf_abs\"><\/div>\t\t\t<div class=\"row_inner col_align_top tb_col_count_1 tf_box tf_rel\">\n\t\t            <div  data-lazy=\"1\" class=\"module_column tb-column col-full tb_6jsc120 first\">\n                                                        <div class=\"tb-column-inner tf_box tf_w\">\n                        <!-- module text -->\n<div  class=\"module module-text tb_pihe520    wow\" data-tf-animation=\"zoomIn\" data-lazy=\"1\">\n        <div  class=\"tb_text_wrap\">\n    <h1><strong>La trasformazione \u00e8 animata dalla motivazione a cambiare<\/strong><\/h1>    <\/div>\n<\/div>\n<!-- \/module text -->                    <\/div>\n                            <\/div>\n            \t    <\/div>\n\t    <!-- \/row_inner -->\n\t<\/div>\n\t<!-- \/module_row -->\n\t\t\t\t<!-- module_row -->\n\t<div  data-css_id=\"3v5a295\" data-lazy=\"1\" class=\"module_row themify_builder_row fullwidth_row_container tb_3v5a295 tf_w tf_clearfix\">\n\t    \t\t\t<div class=\"row_inner col_align_top tb_col_count_1 tf_box tf_rel\">\n\t\t            <div  data-lazy=\"1\" class=\"module_column tb-column col-full tb_a0b9105 first\">\n                                                        <div class=\"tb-column-inner tf_box tf_w\">\n                        <!-- module text -->\n<div  class=\"module module-text tb_opzx522    wow\" data-tf-animation=\"zoomIn\" data-lazy=\"1\">\n        <div  class=\"tb_text_wrap\">\n    <h2>Consulenza psicologica<\/h2>    <\/div>\n<\/div>\n<!-- \/module text -->\t<div  data-lazy=\"1\" class=\"module_subrow themify_builder_sub_row tb_ko2h025 tf_w tf_clearfix\">\n\t    \t\t\t<div class=\"subrow_inner col_align_top tb_col_count_1 tf_box tf_w\">\n\t\t            <div  data-lazy=\"1\" class=\"module_column sub_column col-full tb_8x7t020 first\">\n                                                        <div class=\"tb-column-inner tf_box tf_w\">\n                        <!-- module text -->\n<div  class=\"module module-text tb_1cer333    wow\" data-tf-animation=\"fadeInLeft\" data-lazy=\"1\">\n        <div  class=\"tb_text_wrap\">\n    <p>La consulenza psicologica consiste nello sviluppo di quattro colloqui centrati sull\u2019esperienza del <strong>\u201cqui e ora\u201d<\/strong> del paziente. L\u2019interesse \u00e8 rivolto alla <strong>\u201ccrisi attuale\u201d<\/strong> che il soggetto manifesta nella stanza d\u2019analisi; attraverso <strong>\u201cl\u2019esplorazione guidata\u201d<\/strong> della situazione presente si cercher\u00e0 di dare una <strong>\u201cprospettiva diversa, nuova\u201d<\/strong> al problema mettendo in evidenza le risorse creative del paziente motivato a cambiare.<\/p>\n<p>Il mio metodo di lavoro si avvale del modello <strong>bio-psico-sociale in ottica psicodinamica<\/strong>, dove viene posta attenzione ai diversi fattori che compongono l\u2019individuo nella sua interezza: mente, corpo e relazioni interpersonali. Alla fine del 4\u00b0 colloquio, dopo aver fatto il punto della situazione si decider\u00e0 di comune accordo se interrompere il trattamento o se \u00e8 auspicabile una psicoterapia individuale. Se questo \u00e8 il caso, attraverso la stipula del\u00a0<strong>contratto terapeutico<\/strong>\u00a0saranno noti non solo gli aspetti logistici (luogo, cadenza) e amministrativi (pagamento), ma saranno definiti\u00a0gli obiettivi del percorso e le modalit\u00e0 con cui saranno perseguiti.<\/p>    <\/div>\n<\/div>\n<!-- \/module text -->                    <\/div>\n                            <\/div>\n            \t    <\/div>\n\t<\/div><!-- \/themify_builder_sub_row -->\n\t                    <\/div>\n                            <\/div>\n            \t    <\/div>\n\t    <!-- \/row_inner -->\n\t<\/div>\n\t<!-- \/module_row -->\n\t<\/div>\n<!--\/themify_builder_content-->","protected":false},"excerpt":{"rendered":"<p>La trasformazione \u00e8 animata dalla motivazione a cambiare Consulenza psicologica La consulenza psicologica consiste nello sviluppo di quattro colloqui centrati sull\u2019esperienza del \u201cqui e ora\u201d del paziente. L\u2019interesse \u00e8 rivolto alla \u201ccrisi attuale\u201d che il soggetto manifesta nella stanza d\u2019analisi; attraverso \u201cl\u2019esplorazione guidata\u201d della situazione presente si cercher\u00e0 di dare una \u201cprospettiva diversa, nuova\u201d al [&hellip;]<\/p>\n","protected":false},"author":1,"featured_media":0,"parent":0,"menu_order":0,"comment_status":"closed","ping_status":"closed","template":"","meta":[],"builder_content":"<h1><strong>La trasformazione \u00e8 animata dalla motivazione a cambiare<\/strong><\/h1>\n<h2>Consulenza psicologica<\/h2>\n<p>La consulenza psicologica consiste nello sviluppo di quattro colloqui centrati sull\u2019esperienza del <strong>\u201cqui e ora\u201d<\/strong> del paziente. L\u2019interesse \u00e8 rivolto alla <strong>\u201ccrisi attuale\u201d<\/strong> che il soggetto manifesta nella stanza d\u2019analisi; attraverso <strong>\u201cl\u2019esplorazione guidata\u201d<\/strong> della situazione presente si cercher\u00e0 di dare una <strong>\u201cprospettiva diversa, nuova\u201d<\/strong> al problema mettendo in evidenza le risorse creative del paziente motivato a cambiare.<\/p> <p>Il mio metodo di lavoro si avvale del modello <strong>bio-psico-sociale in ottica psicodinamica<\/strong>, dove viene posta attenzione ai diversi fattori che compongono l\u2019individuo nella sua interezza: mente, corpo e relazioni interpersonali. Alla fine del 4\u00b0 colloquio, dopo aver fatto il punto della situazione si decider\u00e0 di comune accordo se interrompere il trattamento o se \u00e8 auspicabile una psicoterapia individuale. Se questo \u00e8 il caso, attraverso la stipula del\u00a0<strong>contratto terapeutico<\/strong>\u00a0saranno noti non solo gli aspetti logistici (luogo, cadenza) e amministrativi (pagamento), ma saranno definiti\u00a0gli obiettivi del percorso e le modalit\u00e0 con cui saranno perseguiti.<\/p>","_links":{"self":[{"href":"https:\/\/psicologanerinapupillo.it\/index.php\/wp-json\/wp\/v2\/pages\/396"}],"collection":[{"href":"https:\/\/psicologanerinapupillo.it\/index.php\/wp-json\/wp\/v2\/pages"}],"about":[{"href":"https:\/\/psicologanerinapupillo.it\/index.php\/wp-json\/wp\/v2\/types\/page"}],"author":[{"embeddable":true,"href":"https:\/\/psicologanerinapupillo.it\/index.php\/wp-json\/wp\/v2\/users\/1"}],"replies":[{"embeddable":true,"href":"https:\/\/psicologanerinapupillo.it\/index.php\/wp-json\/wp\/v2\/comments?post=396"}],"version-history":[{"count":21,"href":"https:\/\/psicologanerinapupillo.it\/index.php\/wp-json\/wp\/v2\/pages\/396\/revisions"}],"predecessor-version":[{"id":597,"href":"https:\/\/psicologanerinapupillo.it\/index.php\/wp-json\/wp\/v2\/pages\/396\/revisions\/597"}],"wp:attachment":[{"href":"https:\/\/psicologanerinapupillo.it\/index.php\/wp-json\/wp\/v2\/media?parent=396"}],"curies":[{"name":"wp","href":"https:\/\/api.w.org\/{rel}","templated":true}]}}